{"id":131,"date":"2024-12-17T08:31:47","date_gmt":"2024-12-17T07:31:47","guid":{"rendered":"https:\/\/munabaeck.de\/?page_id=131"},"modified":"2024-12-17T08:37:26","modified_gmt":"2024-12-17T07:37:26","slug":"mehl","status":"publish","type":"page","link":"https:\/\/munabaeck.de\/index.php\/mehl\/","title":{"rendered":"Mehl"},"content":{"rendered":"\n<p>Wir legen gro\u00dfen Wert auf Regionalit\u00e4t und die Unterst\u00fctzung lokaler Produzenten. Deshalb beziehen wir unser Mehl direkt aus der Huber M\u00fchle.<\/p>\n\n\n\n<div class=\"wp-block-group is-vertical is-layout-flex wp-container-core-group-is-layout-8cf370e7 wp-block-group-is-layout-flex\">\n<p><a href=\"https:\/\/www.google.com\/maps\/place\/\/data=!4m2!3m1!1s0x479fd30aedcfefa9:0xf38ee54a621c48e0?sa=X&amp;ved=1t:8290&amp;ictx=111\">Oberlindhart 425<\/a><\/p>\n\n\n\n<p><a href=\"https:\/\/www.google.com\/maps\/place\/\/data=!4m2!3m1!1s0x479fd30aedcfefa9:0xf38ee54a621c48e0?sa=X&amp;ved=1t:8290&amp;ictx=111\">84066 Mallersdorf-Pfaffenberg<\/a><\/p>\n<\/div>\n","protected":false},"excerpt":{"rendered":"<p>Wir legen gro\u00dfen Wert auf Regionalit\u00e4t und die Unterst\u00fctzung lokaler Produzenten. Deshalb beziehen wir unser Mehl direkt aus der Huber M\u00fchle. Oberlindhart 425 84066 Mallersdorf-Pfaffenberg<\/p>\n","protected":false},"author":1,"featured_media":0,"parent":0,"menu_order":0,"comment_status":"closed","ping_status":"closed","template":"","meta":{"footnotes":""},"class_list":["post-131","page","type-page","status-publish","hentry"],"_links":{"self":[{"href":"https:\/\/munabaeck.de\/index.php\/wp-json\/wp\/v2\/pages\/131","targetHints":{"allow":["GET"]}}],"collection":[{"href":"https:\/\/munabaeck.de\/index.php\/wp-json\/wp\/v2\/pages"}],"about":[{"href":"https:\/\/munabaeck.de\/index.php\/wp-json\/wp\/v2\/types\/page"}],"author":[{"embeddable":true,"href":"https:\/\/munabaeck.de\/index.php\/wp-json\/wp\/v2\/users\/1"}],"replies":[{"embeddable":true,"href":"https:\/\/munabaeck.de\/index.php\/wp-json\/wp\/v2\/comments?post=131"}],"version-history":[{"count":4,"href":"https:\/\/munabaeck.de\/index.php\/wp-json\/wp\/v2\/pages\/131\/revisions"}],"predecessor-version":[{"id":171,"href":"https:\/\/munabaeck.de\/index.php\/wp-json\/wp\/v2\/pages\/131\/revisions\/171"}],"wp:attachment":[{"href":"https:\/\/munabaeck.de\/index.php\/wp-json\/wp\/v2\/media?parent=131"}],"curies":[{"name":"wp","href":"https:\/\/api.w.org\/{rel}","templated":true}]}}